{"id":92,"date":"2018-07-10T14:20:51","date_gmt":"2018-07-10T14:20:51","guid":{"rendered":"http:\/\/estudiocrown.com\/laviasa\/wp\/?page_id=92"},"modified":"2021-05-14T12:29:57","modified_gmt":"2021-05-14T12:29:57","slug":"certificaciones","status":"publish","type":"page","link":"https:\/\/laviaargentina.com\/fr\/certificaciones\/","title":{"rendered":"Certifications"},"content":{"rendered":"<p><span style=\"font-weight: 400;\">Laviasa est titulaire des certificats de type (CCTT) N\u00ba 2 A 8 et 2 A 10 d\u00e9livr\u00e9s par la Federal Aviation Administration (FAA), acquis aupr\u00e8s de la New Piper Aircraft Company des \u00c9tats-Unis en 1998, ainsi que des certificats de type N\u00ba AV-0004 et AV-9901 et du certificat de production N\u00ba A-0801 d\u00e9livr\u00e9s par l&rsquo;Administration nationale de l&rsquo;aviation civile d&rsquo;Argentine (ANAC).<\/span><\/p>\n<p><span style=\"font-weight: 400;\">Ces documents accordent \u00e0 Laviasa les droits universels et exclusifs de fabrication du PA-25-235\/260 (anciennement appel\u00e9 \u00ab\u00a0Pawnee\u00a0\u00bb et rebaptis\u00e9 \u00ab\u00a0Puelche\u00a0\u00bb) et de ses pi\u00e8ces pour des utilisations agricoles et autres. Ces droits s&rsquo;\u00e9tendent \u00e0 la possibilit\u00e9 d&rsquo;exploiter les droits d&rsquo;utilisation de la fabrication des a\u00e9ronefs mentionn\u00e9s, \u00e0 des tiers sous la condition \u00ab\u00a0Under License\u00a0\u00bb.<\/span><\/p>\n<p><span style=\"font-weight: 400;\">Les documents disponibles sont joints ci-dessous :\u00a0\u00a0\u00a0\u00a0\u00a0\u00a0<\/span><\/p>\n<p>&nbsp;<\/p>\n<ol>\n<li><span style=\"font-weight: 400;\">CERTIFICAT TYPE Nr.2 A 8 FAA EUA\u00a0\u00a0\u00a0\u00a0\u00a0<\/span><\/li>\n<li><span style=\"font-weight: 400;\">CERTIFICAT TYPE No.2 A 10 FAA EUA\u00a0\u00a0\u00a0\u00a0\u00a0<\/span><\/li>\n<li><span style=\"font-weight: 400;\">CERTIFICAT DE PRODUCTION No.A-0801 ANAC, Argentine CERTIFICAT DE TYPE AV-0004 ANAC, Argentine.\u00a0\u00a0\u00a0\u00a0\u00a0<\/span><\/li>\n<li><span style=\"font-weight: 400;\">CERTIFICAT DE TYPE AV-9901 ANAC, Argentine.\u00a0\u00a0\u00a0\u00a0\u00a0<\/span><\/li>\n<li><span style=\"font-weight: 400;\">CERTIFICAT DE TYPE AV-1102 Rev. 01 \u00ab\u00a0Puelche Biplaza\u00a0\u00bb ANAC, Argentine.\u00a0\u00a0\u00a0\u00a0\u00a0<\/span><\/li>\n<li><span style=\"font-weight: 400;\">CERTIFICAT DE TYPE SUPPL\u00c9MENTAIRE CTS 1109.21A \u00ab\u00a0Train arbal\u00e8te\u00a0\u00bb de l&rsquo;ANAC, Argentine\u00a0\u00a0\u00a0\u00a0\u00a0<\/span><\/li>\n<li><span style=\"font-weight: 400;\">Brochure PUELCHE III (P3)<\/span><\/li>\n<\/ol>\n<p><\/p>","protected":false},"excerpt":{"rendered":"<p>Laviasa est titulaire des certificats de type (CCTT) N\u00ba 2 A 8 et 2 A 10 d\u00e9livr\u00e9s par la Federal Aviation Administration (FAA), acquis aupr\u00e8s de la New Piper Aircraft Company des \u00c9tats-Unis en 1998, ainsi que des certificats de type N\u00ba AV-0004 et AV-9901 et du certificat de production N\u00ba A-0801 d\u00e9livr\u00e9s par l&rsquo;Administration [&hellip;]<\/p>\n","protected":false},"author":1,"featured_media":0,"parent":0,"menu_order":0,"comment_status":"closed","ping_status":"closed","template":"certificaciones.php","meta":{"_acf_changed":false,"inline_featured_image":false,"footnotes":""},"class_list":["post-92","page","type-page","status-publish","hentry"],"acf":[],"_links":{"self":[{"href":"https:\/\/laviaargentina.com\/fr\/wp-json\/wp\/v2\/pages\/92","targetHints":{"allow":["GET"]}}],"collection":[{"href":"https:\/\/laviaargentina.com\/fr\/wp-json\/wp\/v2\/pages"}],"about":[{"href":"https:\/\/laviaargentina.com\/fr\/wp-json\/wp\/v2\/types\/page"}],"author":[{"embeddable":true,"href":"https:\/\/laviaargentina.com\/fr\/wp-json\/wp\/v2\/users\/1"}],"replies":[{"embeddable":true,"href":"https:\/\/laviaargentina.com\/fr\/wp-json\/wp\/v2\/comments?post=92"}],"version-history":[{"count":2,"href":"https:\/\/laviaargentina.com\/fr\/wp-json\/wp\/v2\/pages\/92\/revisions"}],"predecessor-version":[{"id":907,"href":"https:\/\/laviaargentina.com\/fr\/wp-json\/wp\/v2\/pages\/92\/revisions\/907"}],"wp:attachment":[{"href":"https:\/\/laviaargentina.com\/fr\/wp-json\/wp\/v2\/media?parent=92"}],"curies":[{"name":"wp","href":"https:\/\/api.w.org\/{rel}","templated":true}]}}