{"id":9,"date":"2018-04-04T16:27:21","date_gmt":"2018-04-04T16:27:21","guid":{"rendered":"http:\/\/estudiocrown.com\/laviasa\/wp\/?page_id=9"},"modified":"2021-05-13T18:03:02","modified_gmt":"2021-05-13T18:03:02","slug":"nosotros","status":"publish","type":"page","link":"https:\/\/laviaargentina.com\/fr\/nosotros\/","title":{"rendered":"\u00c0 PROPOS DE NOUS"},"content":{"rendered":"<p><\/p>\n<ol>\n<li><span style=\"font-weight: 400;\">Laviasa est titulaire des certificats de type (CCTT) N\u00ba 2 A 8 et 2 A 10 d\u00e9livr\u00e9s par la Federal Aviation Administration (FAA), acquis aupr\u00e8s de la New Piper Aircraft Company des \u00c9tats-Unis en 1998, ainsi que des certificats de type N\u00ba AV-0004 et AV-9901 et du certificat de production N\u00ba A-0801 d\u00e9livr\u00e9s par l&rsquo;Administration nationale de l&rsquo;aviation civile d&rsquo;Argentine (ANAC).<\/span><\/li>\n<li><span style=\"font-weight: 400;\">Ces documents accordent \u00e0 Laviasa les droits universels et exclusifs de fabrication du PA-25-235\/260 (anciennement appel\u00e9 \u00ab\u00a0Pawnee\u00a0\u00bb et rebaptis\u00e9 \u00ab\u00a0Puelche\u00a0\u00bb) et de ses pi\u00e8ces pour des utilisations agricoles et autres. Ces droits s&rsquo;\u00e9tendent \u00e0 la possibilit\u00e9 d&rsquo;exploiter les droits d&rsquo;utilisation de la fabrication des a\u00e9ronefs mentionn\u00e9s, \u00e0 des tiers sous la condition \u00ab\u00a0Under License\u00a0\u00bb.<\/span><\/li>\n<li><span style=\"font-weight: 400;\">Les documents disponibles sont joints ci-dessous :\u00a0\u00a0\u00a0\u00a0\u00a0\u00a0<\/span><\/li>\n<\/ol>\n<ul>\n<li><span style=\"font-weight: 400;\">CERTIFICAT TYPE Nr.2 A 8 FAA EUA\u00a0\u00a0\u00a0\u00a0\u00a0<\/span><\/li>\n<li><span style=\"font-weight: 400;\">CERTIFICAT TYPE No.2 A 10 FAA EUA\u00a0\u00a0\u00a0\u00a0\u00a0<\/span><\/li>\n<li><span style=\"font-weight: 400;\">CERTIFICAT DE PRODUCTION No.A-0801 ANAC, Argentine CERTIFICAT DE TYPE AV-0004 ANAC, Argentine.\u00a0\u00a0\u00a0\u00a0\u00a0<\/span><\/li>\n<li><span style=\"font-weight: 400;\">CERTIFICAT DE TYPE AV-9901 ANAC, Argentine.\u00a0\u00a0\u00a0\u00a0\u00a0<\/span><\/li>\n<li><span style=\"font-weight: 400;\">CERTIFICAT DE TYPE AV-1102 Rev. 01 \u00ab\u00a0Puelche Biplaza\u00a0\u00bb ANAC, Argentine.\u00a0\u00a0\u00a0\u00a0\u00a0<\/span><\/li>\n<li><span style=\"font-weight: 400;\">CERTIFICAT DE TYPE SUPPL\u00c9MENTAIRE CTS 1109.21A \u00ab\u00a0Train arbal\u00e8te\u00a0\u00bb de l&rsquo;ANAC, Argentine\u00a0\u00a0\u00a0\u00a0\u00a0<\/span><\/li>\n<li><span style=\"font-weight: 400;\">Brochure PUELCHE III (P3)<\/span><\/li>\n<\/ul>\n<p><\/p>","protected":false},"excerpt":{"rendered":"<p>Laviasa est titulaire des certificats de type (CCTT) N\u00ba 2 A 8 et 2 A 10 d\u00e9livr\u00e9s par la Federal Aviation Administration (FAA), acquis aupr\u00e8s de la New Piper Aircraft Company des \u00c9tats-Unis en 1998, ainsi que des certificats de type N\u00ba AV-0004 et AV-9901 et du certificat de production N\u00ba A-0801 d\u00e9livr\u00e9s par l&rsquo;Administration [&hellip;]<\/p>\n","protected":false},"author":1,"featured_media":0,"parent":0,"menu_order":0,"comment_status":"closed","ping_status":"closed","template":"empresa.php","meta":{"_acf_changed":false,"inline_featured_image":false,"footnotes":""},"class_list":["post-9","page","type-page","status-publish","hentry"],"acf":[],"_links":{"self":[{"href":"https:\/\/laviaargentina.com\/fr\/wp-json\/wp\/v2\/pages\/9","targetHints":{"allow":["GET"]}}],"collection":[{"href":"https:\/\/laviaargentina.com\/fr\/wp-json\/wp\/v2\/pages"}],"about":[{"href":"https:\/\/laviaargentina.com\/fr\/wp-json\/wp\/v2\/types\/page"}],"author":[{"embeddable":true,"href":"https:\/\/laviaargentina.com\/fr\/wp-json\/wp\/v2\/users\/1"}],"replies":[{"embeddable":true,"href":"https:\/\/laviaargentina.com\/fr\/wp-json\/wp\/v2\/comments?post=9"}],"version-history":[{"count":4,"href":"https:\/\/laviaargentina.com\/fr\/wp-json\/wp\/v2\/pages\/9\/revisions"}],"predecessor-version":[{"id":915,"href":"https:\/\/laviaargentina.com\/fr\/wp-json\/wp\/v2\/pages\/9\/revisions\/915"}],"wp:attachment":[{"href":"https:\/\/laviaargentina.com\/fr\/wp-json\/wp\/v2\/media?parent=9"}],"curies":[{"name":"wp","href":"https:\/\/api.w.org\/{rel}","templated":true}]}}