{"id":5,"date":"2018-04-04T16:26:51","date_gmt":"2018-04-04T16:26:51","guid":{"rendered":"http:\/\/estudiocrown.com\/laviasa\/wp\/?page_id=5"},"modified":"2024-03-07T15:29:59","modified_gmt":"2024-03-07T15:29:59","slug":"contacto","status":"publish","type":"page","link":"https:\/\/laviaargentina.com\/fr\/contacto\/","title":{"rendered":"Contact"},"content":{"rendered":"<p>\n                <div class='gf_browser_gecko gform_wrapper' id='gform_wrapper_2' ><form method='post' enctype='multipart\/form-data'  id='gform_2'  action='\/fr\/wp-json\/wp\/v2\/pages\/5'>\n                        <div class='gform_body'><ul id='gform_fields_2' class='gform_fields top_label form_sublabel_below description_below'><li id='field_2_1' class='gfield gfield_contains_required field_sublabel_below field_description_below' ><label class='gfield_label' for='input_2_1' >Nom et pr\u00e9nom<span class='gfield_required'>*<\/span><\/label><div class='ginput_container'><input name='input_1' id='input_2_1' type='text' value='' class='large'  tabindex='1'   \/><\/div><\/li><li id='field_2_2' class='gfield gfield_contains_required field_sublabel_below field_description_below' ><label class='gfield_label' for='input_2_2' >Email<span class='gfield_required'>*<\/span><\/label><div class='ginput_container'>\n                            <input name='input_2' id='input_2_2' type='text' value='' class='large' tabindex='2'   \/>\n                        <\/div><\/li><li id='field_2_3' class='gfield field_sublabel_below field_description_below' ><label class='gfield_label' for='input_2_3' >T\u00e9l\u00e9phone<\/label><div class='ginput_container'><input name='input_3' id='input_2_3' type='text' value='' class='large'  tabindex='3'   \/><\/div><\/li><li id='field_2_4' class='gfield gfield_contains_required field_sublabel_below field_description_below' ><label class='gfield_label' for='input_2_4' >Sujet<span class='gfield_required'>*<\/span><\/label><div class='ginput_container'><input name='input_4' id='input_2_4' type='text' value='' class='large'  tabindex='4'   \/><\/div><\/li><li id='field_2_5' class='gfield gfield_contains_required field_sublabel_below field_description_below' ><label class='gfield_label' for='input_2_5' >Message<span class='gfield_required'>*<\/span><\/label><div class='ginput_container'>\n\t\t\t\t\t<textarea name='input_5' id='input_2_5' class='textarea large' tabindex='5'    rows='10' cols='50'><\/textarea>\n\t\t\t\t<\/div><\/li><li id='field_2_7' class='gfield gfield_html gfield_html_formatted gfield_no_follows_desc field_sublabel_below field_description_below' ><div class=\"g-recaptcha\" data-sitekey=\"6LeNCXQUAAAAAAz7h-CgMbexJO_VKmO9BCrjZLvX\"><\/div><\/li><li id='field_2_8' class='gfield gform_validation_container field_sublabel_below field_description_below' ><label class='gfield_label' for='input_2_8' >Comments<\/label><div class='ginput_container'><input name='input_8' id='input_2_8' type='text' value='' \/><\/div><div class='gfield_description'>Ce champ n'est utilis\u00e9 qu'\u00e0 des fins de validation et devrait rester inchang\u00e9.<\/div><\/li>\n                            <\/ul><\/div>\n        <div class='gform_footer top_label'> <input type='submit' id='gform_submit_button_2' class='gform_button button' value='Envoyer' tabindex='6' onclick='if(window[\"gf_submitting_2\"]){return false;}  window[\"gf_submitting_2\"]=true;  ' \/> \n            <input type='hidden' class='gform_hidden' name='is_submit_2' value='1' \/>\n            <input type='hidden' class='gform_hidden' name='gform_submit' value='2' \/>\n            \n            <input type='hidden' class='gform_hidden' name='gform_unique_id' value='' \/>\n            <input type='hidden' class='gform_hidden' name='state_2' value='WyJbXSIsIjU4NmQyMGY3MDM2MGU0OTFlZWJmZjEzNTRhNThmYmQyIl0=' \/>\n            <input type='hidden' class='gform_hidden' name='gform_target_page_number_2' id='gform_target_page_number_2' value='0' \/>\n            <input type='hidden' class='gform_hidden' name='gform_source_page_number_2' id='gform_source_page_number_2' value='1' \/>\n            <input type='hidden' name='gform_field_values' value='' \/>\n            \n        <\/div>\n                        <\/form>\n                        <\/div><script type='text\/javascript'> jQuery(document).bind('gform_post_render', function(event, formId, currentPage){if(formId == 2) {} } );jQuery(document).bind('gform_post_conditional_logic', function(event, formId, fields, isInit){} );<\/script><script type='text\/javascript'> jQuery(document).ready(function(){jQuery(document).trigger('gform_post_render', [2, 1]) } ); <\/script><\/p>","protected":false},"excerpt":{"rendered":"<p>D\u00e9sol\u00e9, cet article est seulement disponible en English et Espa\u00f1ol.<\/p>\n","protected":false},"author":1,"featured_media":0,"parent":0,"menu_order":0,"comment_status":"closed","ping_status":"closed","template":"contacto.php","meta":{"_acf_changed":false,"inline_featured_image":false,"footnotes":""},"class_list":["post-5","page","type-page","status-publish","hentry"],"acf":[],"_links":{"self":[{"href":"https:\/\/laviaargentina.com\/fr\/wp-json\/wp\/v2\/pages\/5","targetHints":{"allow":["GET"]}}],"collection":[{"href":"https:\/\/laviaargentina.com\/fr\/wp-json\/wp\/v2\/pages"}],"about":[{"href":"https:\/\/laviaargentina.com\/fr\/wp-json\/wp\/v2\/types\/page"}],"author":[{"embeddable":true,"href":"https:\/\/laviaargentina.com\/fr\/wp-json\/wp\/v2\/users\/1"}],"replies":[{"embeddable":true,"href":"https:\/\/laviaargentina.com\/fr\/wp-json\/wp\/v2\/comments?post=5"}],"version-history":[{"count":31,"href":"https:\/\/laviaargentina.com\/fr\/wp-json\/wp\/v2\/pages\/5\/revisions"}],"predecessor-version":[{"id":1009,"href":"https:\/\/laviaargentina.com\/fr\/wp-json\/wp\/v2\/pages\/5\/revisions\/1009"}],"wp:attachment":[{"href":"https:\/\/laviaargentina.com\/fr\/wp-json\/wp\/v2\/media?parent=5"}],"curies":[{"name":"wp","href":"https:\/\/api.w.org\/{rel}","templated":true}]}}