{"id":9,"date":"2018-04-04T16:27:21","date_gmt":"2018-04-04T16:27:21","guid":{"rendered":"http:\/\/estudiocrown.com\/laviasa\/wp\/?page_id=9"},"modified":"2021-05-13T18:03:02","modified_gmt":"2021-05-13T18:03:02","slug":"nosotros","status":"publish","type":"page","link":"https:\/\/laviaargentina.com\/es\/nosotros\/","title":{"rendered":"Nosotros"},"content":{"rendered":"<p><\/p>\n<ol>\n<li>Laviasa es la poseedora de los Certificados de Tipo (CCTT\u2019S) N\u00ba 2 A 8 y 2 A 10 emitidos por la Administraci\u00f3n Federal de Aviaci\u00f3n de EEUU (FAA) adquiridos a la empresa the New Piper Aircraft de EEUU en 1998 y los Certificados de Tipo N\u00ba AV-0004 y AV-9901 y Certificado de Producci\u00f3n N\u00ba A-0801 emitidos por la administraci\u00f3n Nacional de Aviaci\u00f3n Civil Argentina (ANAC).<\/li>\n<li>Dichos documentos le confieren a Laviasa los derechos universales y exclusivos para la fabricaci\u00f3n de las aeronaves para uso agr\u00edcola y otros empleos PA-25-235\/260 (anteriormente denominados \u201cPawnee\u201d y rebautizados \u201cPuelche\u201d) y sus partes. Dichos derechos alcanzan a su posibilidad de explotadora de derechos de uso de fabricaci\u00f3n de las citadas aeronaves, a terceros en condici\u00f3n \u201cBajo Licencia\u201d.<\/li>\n<li>De acuerdo con las responsabilidades inherentes al acto contractual de adquisici\u00f3n de los CCTT\u2019S mencionados en el p\u00e1rrafo 1, Laviasa:<\/li>\n<\/ol>\n<ul>\n<li>Es poseedora de toda la documentaci\u00f3n de desarrollo pertinente recibida de Piper: Reports de Certificaci\u00f3n, Manuales, Especificaciones, Informes de C\u00e1lculos, ensayos y procesos constructivos, etc. y m\u00e1s de 2400 planos de fabricaci\u00f3n y de montaje.<\/li>\n<li>M\u00e1s de 900 piezas de matricer\u00eda, moldes y plantillas.<\/li>\n<li>Es responsable, seg\u00fan Anexo 8 de OACI del aseguramiento de la continuidad de la aeronavegabilidad de todas las aeronaves anteriormente fabricadas por Piper Aircraft y Chincul S.A. (de Argentina) \u201cbajo licencia\u201c, amparadas por los CCTT\u2019S ya mencionados y l\u00f3gicamente de todas las aeronaves de producci\u00f3n propias.<\/li>\n<\/ul>\n<p><\/p>","protected":false},"excerpt":{"rendered":"<p>Laviasa es la poseedora de los Certificados de Tipo (CCTT\u2019S) N\u00ba 2 A 8 y 2 A 10 emitidos por la Administraci\u00f3n Federal de Aviaci\u00f3n de EEUU (FAA) adquiridos a la empresa the New Piper Aircraft de EEUU en 1998 y los Certificados de Tipo N\u00ba AV-0004 y AV-9901 y Certificado de Producci\u00f3n N\u00ba A-0801 [&hellip;]<\/p>\n","protected":false},"author":1,"featured_media":0,"parent":0,"menu_order":0,"comment_status":"closed","ping_status":"closed","template":"empresa.php","meta":{"_acf_changed":false,"inline_featured_image":false,"footnotes":""},"class_list":["post-9","page","type-page","status-publish","hentry"],"acf":[],"_links":{"self":[{"href":"https:\/\/laviaargentina.com\/es\/wp-json\/wp\/v2\/pages\/9","targetHints":{"allow":["GET"]}}],"collection":[{"href":"https:\/\/laviaargentina.com\/es\/wp-json\/wp\/v2\/pages"}],"about":[{"href":"https:\/\/laviaargentina.com\/es\/wp-json\/wp\/v2\/types\/page"}],"author":[{"embeddable":true,"href":"https:\/\/laviaargentina.com\/es\/wp-json\/wp\/v2\/users\/1"}],"replies":[{"embeddable":true,"href":"https:\/\/laviaargentina.com\/es\/wp-json\/wp\/v2\/comments?post=9"}],"version-history":[{"count":4,"href":"https:\/\/laviaargentina.com\/es\/wp-json\/wp\/v2\/pages\/9\/revisions"}],"predecessor-version":[{"id":915,"href":"https:\/\/laviaargentina.com\/es\/wp-json\/wp\/v2\/pages\/9\/revisions\/915"}],"wp:attachment":[{"href":"https:\/\/laviaargentina.com\/es\/wp-json\/wp\/v2\/media?parent=9"}],"curies":[{"name":"wp","href":"https:\/\/api.w.org\/{rel}","templated":true}]}}