{"id":89,"date":"2018-07-10T14:17:58","date_gmt":"2018-07-10T14:17:58","guid":{"rendered":"http:\/\/estudiocrown.com\/laviasa\/wp\/?page_id=89"},"modified":"2021-05-14T12:24:32","modified_gmt":"2021-05-14T12:24:32","slug":"franquicias","status":"publish","type":"page","link":"https:\/\/laviaargentina.com\/es\/franquicias\/","title":{"rendered":"Franquicias"},"content":{"rendered":"<p>La f\u00e1brica est\u00e1 en marcha y en condiciones para producir normalmente el Aeroaplicador PA-25 PUELCHE III en sus dos versiones 235\/260 con h\u00e9lice tripala de paso variable o bipala de paso fijo (con un mejorado dise\u00f1o) este ya est\u00e1 validado en USA por la FAA, y el entrenador. PA-25 235 M\u00c1STER, como tambi\u00e9n, por la atribuci\u00f3n que le otorga la propiedad del los Certificados Tipo, de modificar los modelos, adaptarlos a diferentes usos, comercializar con partes originales, avalar y reconocer centros de mantenimiento y facilitar las transacciones comerciales para que inversores establezcan l\u00edneas de producci\u00f3n y comercializaci\u00f3n ensamblando aeronaves bajo licencia, emitir documentaci\u00f3n t\u00e9cnica aplicable al mantenimiento para asistir a la aeronavegabilidad continuada de todos los PA-25 que est\u00e1n operativos en el mundo y los que se incorporen al mercado.<\/p>\n<p>Contamos para los monoplazas PA-25 con los <strong><em>Certificados TIPO<\/em><\/strong> Originales emitidos para PIPER por parte de la Federal Aviation Administration (FAA), con los\u00a0 certificados TIPO de Argentina validados en el Pa\u00eds y con el de producci\u00f3n actual de todos los modelos, sum\u00e1ndole el certificado TIPO del Puelche BIPLAZA tambi\u00e9n emitido, a trav\u00e9s de la Administraci\u00f3n Nacional de Aviaci\u00f3n Civil (ANAC) y con el mismo en proceso de Validaci\u00f3n en USA.<\/p>\n<p>Como referencia, podemos citar que nuestros clientes son de origen variado, siendo algunos operadores de trabajo A\u00e9reo, tanto Nacionales como Extranjeros, La Fuerza A\u00e9rea Argentina (FAA), La F\u00e1brica de Aviones de Argentina (FAdeA), la Empresa de Investigaci\u00f3n Aplicada Nacional (INVAP)<\/p>\n<p>En el mundo hay una dotaci\u00f3n aproximada de 3.000 (Tres mil) PA-25 Series.<\/p>\n<p>Se puede adquirir el derecho de producci\u00f3n bajo licencia donde se fijara la cantidad de aviones que se deben fabricar, empezando por un requerimiento inicial en tres a\u00f1os, esta cantidad ser\u00e1 propuesta y Laviasa considerar\u00e1\u00a0 su proyecto de inversi\u00f3n, para comercializarlos en el pa\u00eds elegido para instalar la planta de montaje y\/o terceros pa\u00edses que se definan en el contrato como \u00c1MBITO COMERCIAL.<\/p>\n<p>Luego del ingreso a la franquicia con el pago de una membres\u00eda, se continuar\u00e1 abonando un royalty por avi\u00f3n fabricado.<\/p>\n<p>La idea inicial es dimensionar en el lugar que Ud. considere m\u00e1s conveniente para instalar una l\u00ednea de producci\u00f3n llave en mano bajo licencia.<\/p>\n<p>Puede Ud., considerar el ofrecimiento como un interesante emprendimiento empresario de inversi\u00f3n.<\/p>\n<p>No dude en contactarse con nosotros para acordar los detalles de la franquicia.<\/p>","protected":false},"excerpt":{"rendered":"<p>La f\u00e1brica est\u00e1 en marcha y en condiciones para producir normalmente el Aeroaplicador PA-25 PUELCHE III en sus dos versiones 235\/260 con h\u00e9lice tripala de paso variable o bipala de paso fijo (con un mejorado dise\u00f1o) este ya est\u00e1 validado en USA por la FAA, y el entrenador. PA-25 235 M\u00c1STER, como tambi\u00e9n, por la [&hellip;]<\/p>\n","protected":false},"author":1,"featured_media":0,"parent":0,"menu_order":0,"comment_status":"closed","ping_status":"closed","template":"franquicias.php","meta":{"_acf_changed":false,"inline_featured_image":false,"footnotes":""},"class_list":["post-89","page","type-page","status-publish","hentry"],"acf":[],"_links":{"self":[{"href":"https:\/\/laviaargentina.com\/es\/wp-json\/wp\/v2\/pages\/89","targetHints":{"allow":["GET"]}}],"collection":[{"href":"https:\/\/laviaargentina.com\/es\/wp-json\/wp\/v2\/pages"}],"about":[{"href":"https:\/\/laviaargentina.com\/es\/wp-json\/wp\/v2\/types\/page"}],"author":[{"embeddable":true,"href":"https:\/\/laviaargentina.com\/es\/wp-json\/wp\/v2\/users\/1"}],"replies":[{"embeddable":true,"href":"https:\/\/laviaargentina.com\/es\/wp-json\/wp\/v2\/comments?post=89"}],"version-history":[{"count":7,"href":"https:\/\/laviaargentina.com\/es\/wp-json\/wp\/v2\/pages\/89\/revisions"}],"predecessor-version":[{"id":905,"href":"https:\/\/laviaargentina.com\/es\/wp-json\/wp\/v2\/pages\/89\/revisions\/905"}],"wp:attachment":[{"href":"https:\/\/laviaargentina.com\/es\/wp-json\/wp\/v2\/media?parent=89"}],"curies":[{"name":"wp","href":"https:\/\/api.w.org\/{rel}","templated":true}]}}